{"id":25,"date":"2019-12-14T15:08:33","date_gmt":"2019-12-14T14:08:33","guid":{"rendered":"https:\/\/plehwe.stage.blindwerk.de\/startseite\/"},"modified":"2023-02-20T14:46:10","modified_gmt":"2023-02-20T13:46:10","slug":"startseite","status":"publish","type":"page","link":"https:\/\/plehwe.stage.blindwerk.de\/en\/","title":{"rendered":"Home"},"content":{"rendered":"<div class=\"wpb-content-wrapper\"><div class=\"my-content-wrapper\"><p>[vc_row full_width=&#8221;stretch_row&#8221; parallax=&#8221;content-moving&#8221; parallax_image=&#8221;210&#8243; css=&#8221;.vc_custom_1579384918847{background-position: center;background-repeat: no-repeat;background-size:cover;}&#8221; el_id=&#8221;home&#8221; el_class=&#8221;overlay-extension&#8221;][vc_column width=&#8221;1\/3&#8243; css=&#8221;.vc_custom_1578433708656{padding-top: 150px !important;padding-bottom: 150px !important;background-color: rgba(0,48,91,0.65) !important;*background-color: rgb(0,48,91) !important;}&#8221;][vc_custom_heading text=&#8221;DR. THOMAS<br \/>\n<strong>VON<\/strong> PLEHWE&#8221; font_container=&#8221;tag:h1|text_align:left|color:%23ffffff&#8221; use_theme_fonts=&#8221;yes&#8221; css_animation=&#8221;fadeIn&#8221;][vc_column_text css_animation=&#8221;fadeIn&#8221;]<span style=\"color: #ffffff;\">ADVOCATE AT THE<\/span><br \/>\n<span style=\"color: #ffffff;\">FEDERAL SUPREME COURT<\/span>[\/vc_column_text][\/vc_column][vc_column width=&#8221;2\/3&#8243; css=&#8221;.vc_custom_1578434873252{padding-top: 0px !important;}&#8221;][\/vc_column][\/vc_row][vc_row full_width=&#8221;stretch_row&#8221; equal_height=&#8221;yes&#8221; el_id=&#8221;profile&#8221; el_class=&#8221;overlay-extension&#8221;][vc_column width=&#8221;1\/3&#8243; css=&#8221;.vc_custom_1576459569359{padding-top: 50px !important;padding-bottom: 50px !important;background-color: #eaf4f6 !important;}&#8221;][vc_custom_heading text=&#8221;Profile&#8221; use_theme_fonts=&#8221;yes&#8221;][\/vc_column][vc_column width=&#8221;2\/3&#8243; css=&#8221;.vc_custom_1576459582198{padding-top: 50px !important;padding-bottom: 50px !important;}&#8221;][vc_row_inner][vc_column_inner width=&#8221;1\/2&#8243;][vc_column_text css=&#8221;.vc_custom_1659262087680{padding-top: 9px !important;}&#8221; el_class=&#8221;bullet&#8221;]<\/p>\n<h3>SUPREME COURT LITIGATION AND ARBITRATION<\/h3>\n<p>National and cross-border litigation, advice and management of cases and appeals throughout the litigation process; final appeals and exclusive representation in Federal Supreme Court proceedings and before the ECJ; arbitration.[\/vc_column_text][vc_column_text css=&#8221;.vc_custom_1660987190537{padding-top: 9px !important;}&#8221; el_class=&#8221;bullet&#8221;]<\/p>\n<h3>EXTENSIVE EXPERIENCE<\/h3>\n<p>Reliable and innovative research and advice on procedural options, connecting the dots, based on extensive experience as a trial lawyer in all civil practice areas and by exclusively practising at the Federal Supreme Court Bar and before the European Court of Justice since 2001. Representation in other federal appellate courts and before the Federal Constitutional Court in selected cases. Close cooperation with previous counsel if desired. Personal responsibility supported by selected, qualified junior counsel. Legal aid, depending on the merits. Certified tax counsel.[\/vc_column_text][\/vc_column_inner][vc_column_inner width=&#8221;1\/2&#8243;][vc_column_text css=&#8221;.vc_custom_1676900765087{padding-top: 9px !important;}&#8221; el_class=&#8221;bullet&#8221;]<\/p>\n<h3>AREAS COVERED<\/h3>\n<p>All areas of German civil law, including conflicts of law, and European law litigated at the Fed. Supreme Court.<\/p>\n<p>Extensive experience litigating appeals involving, inter alia, conflict of laws, international jurisdiction, arbitral awards, commercial and company, competition and state aid, construction and real estate, insolvency and insurance, banking and investment (including investment funds), IP, emerging digital technologies and legal rights, copyright including music and film, pharmaceuticals, agro chemicals and food, press, professional liability, maritime law, agriculture, family and inheritance law.<\/p>\n<p>Niche expertise in conflict of laws and matters of art law and recovery proceedings, foreign and domestic. Tax law and appeals.[\/vc_column_text][\/vc_column_inner][\/vc_row_inner][\/vc_column][\/vc_row][vc_row full_width=&#8221;stretch_row&#8221; css=&#8221;.vc_custom_1580903970501{padding-top: 40px !important;padding-bottom: 40px !important;background-color: #00305b !important;}&#8221; el_id=&#8221;vita&#8221;][vc_column][vc_custom_heading text=&#8221;VITA&#8221; font_container=&#8221;tag:h2|text_align:center|color:%23ffffff&#8221; use_theme_fonts=&#8221;yes&#8221; css=&#8221;.vc_custom_1580903492586{padding-bottom: 60px !important;}&#8221;][\/vc_column][vc_column][vc_row_inner equal_height=&#8221;yes&#8221; content_placement=&#8221;middle&#8221;][vc_column_inner width=&#8221;1\/2&#8243;][vc_single_image image=&#8221;186&#8243; img_size=&#8221;full&#8221; css_animation=&#8221;fadeIn&#8221;][\/vc_column_inner][vc_column_inner width=&#8221;1\/2&#8243;][vc_column_text]<\/p>\n<p style=\"text-align: center;\"><span style=\"color: #ffffff;\">Educated in England (St. Paul&#8217;s, London) and Germany (Bonn University, Dr. iur., 1987). Research fellow at the Institute of Private International and Comparative Law, Bonn University, 1980-1985. Certified tax counsel, 1993. PGDip in EC Competition Law, King&#8217;s College London, 1996. CertHE Psychology, OU, 2010.<br \/>\nCalled to the Bar, Bonn District Court, 1985; Appeal Bar, Cologne, 1990. Following early years as advocate and partner of Eimer, Heuschmid, Mehle, Bonn, partner of L\u00fcer &amp; G\u00f6rg and Heuking K\u00fchn L\u00fcer Wojtek, Cologne, until 2000. Member of the Bar of the Federal Supreme Court, Karlsruhe, since 2001 (2007-2019 in partnership with Gunhild Sch\u00e4fer, LL.M., now Frankfurt).<\/span><\/p>\n<p>&nbsp;<\/p>\n<p style=\"text-align: center;\"><span style=\"color: #ffffff;\">Publications in the areas of private international, pharmaceutical, press, company, European and art recovery law. Commentator on private international property and environmental law.<\/span><\/p>\n<p style=\"text-align: center;\"><span style=\"color: #ffffff;\">Languages: English (fluent), Italian, French.<\/span><\/p>\n<p>[\/vc_column_text][\/vc_column_inner][\/vc_row_inner][\/vc_column][\/vc_row][vc_row full_width=&#8221;stretch_row&#8221; css=&#8221;.vc_custom_1580905156262{padding-top: 50px !important;padding-bottom: 70px !important;background-color: #eaf4f6 !important;}&#8221; el_id=&#8221;memberships&#8221;][vc_column width=&#8221;1\/2&#8243;][vc_column_text]<\/p>\n<h3>Memberships<\/h3>\n<p>Inter alia German Bar Association, American Bar Association, International Bar Association, British Institute of International and Comparative Law, German Arbitration Institute (DIS), International Law Association (ILA), various German associations devoted to the practice and research of competition, company, intellectual property, building and architecture, insolvency, art, medical and other professional malpractice, family as well as tax law. Various international lawyers&#8217; associations.[\/vc_column_text][\/vc_column][vc_column width=&#8221;1\/2&#8243;][vc_column_text]<\/p>\n<h3>Pro bono<\/h3>\n<p>Member of the Board of the German Bar Association since 2021.<\/p>\n<p>Past President of the Association of Members of the Supreme Court Bar, former Member of the Legislative Assembly of the Federal Bar Council, Berlin, of the Federal Bar Council ad hoc-Committee on the Federal Bar, of the Executive Committee of the Federal Supreme Court Bar Council, past Vice-President of the Union des Avocats Europ\u00e9ens (European Lawyers Association, UAE), former long-term Member of the Board of Examiners of Cologne Regional Court of Appeal.<\/p>\n<p>Pro bono appeals, subject to agreement.<\/p>\n<p>&nbsp;<\/p>\n<p>Committed to ESG-sustainability.[\/vc_column_text][\/vc_column][\/vc_row][vc_row full_width=&#8221;stretch_row&#8221; equal_height=&#8221;yes&#8221; css=&#8221;.vc_custom_1580903993675{background-color: #fafafa !important;}&#8221; el_class=&#8221;overlay-extension&#8221; el_id=&#8221;press&#8221;][vc_column width=&#8221;1\/3&#8243; css=&#8221;.vc_custom_1579384693334{background-color: rgba(0,48,91,0.65) !important;*background-color: rgb(0,48,91) !important;}&#8221;][vc_custom_heading text=&#8221;PRESS COMMENTS&#8221; font_container=&#8221;tag:h2|text_align:left|color:%23ffffff&#8221; use_theme_fonts=&#8221;yes&#8221;][\/vc_column][vc_column width=&#8221;2\/3&#8243; css=&#8221;.vc_custom_1580905087478{padding-bottom: 20px !important;}&#8221;][vc_column_text el_class=&#8221;bullet&#8221;]\u201cHighly competent, very pragmatic\u201d (JUVE Handbook, 2014\/2015)[\/vc_column_text][vc_column_text el_class=&#8221;bullet&#8221;]\u201cfirst choice, simply good\u201d; \u201csuccessful, very committed\u201d (JUVE Handbook, 2015\/2016)[\/vc_column_text][vc_column_text el_class=&#8221;bullet&#8221;]\u201cvery thorough, outstanding legal knowledge\u201d (JUVE Handbook, 2016\/2017)[\/vc_column_text][vc_column_text el_class=&#8221;bullet&#8221;]\u201csubtle and perceptive\u201d (JUVE Handbook, 2017\/2018)[\/vc_column_text][vc_column_text el_class=&#8221;bullet&#8221;]\u201cprecise, thorough and sound legal work\u201d (JUVE Handbook, 2019\/2020),<\/p>\n<p>&#8220;very experienced, good pleadings on novel issues&#8221; (JUVE Handbook, 2021\/2022),<\/p>\n<p>&#8220;excellent strategist&#8221; (competition law); &#8220;good knowledge of company law&#8221; (conflict resolution) (JUVE 12\/2021),<\/p>\n<p>&#8220;clear thinking, plain language, superior briefs&#8221; (JUVE Handbook, 2022\/2023).[\/vc_column_text][\/vc_column][\/vc_row][vc_row full_width=&#8221;stretch_row&#8221; parallax=&#8221;content-moving&#8221; parallax_image=&#8221;210&#8243; parallax_speed_bg=&#8221;2&#8243; el_id=&#8221;contact&#8221; css=&#8221;.vc_custom_1579568088514{background-position: center;background-repeat: no-repeat;background-size:cover;}&#8221; el_class=&#8221;overlay-extension&#8221;][vc_column css=&#8221;.vc_custom_1578434989396{padding-top: 0px !important;}&#8221;][vc_row_inner equal_height=&#8221;yes&#8221;][vc_column_inner width=&#8221;1\/3&#8243; css=&#8221;.vc_custom_1578433766178{padding-top: 100px !important;padding-bottom: 100px !important;background-color: rgba(0,48,91,0.65) !important;*background-color: rgb(0,48,91) !important;}&#8221;][vc_custom_heading text=&#8221;Contact&#8221; font_container=&#8221;tag:h2|text_align:left|color:%23ffffff&#8221; use_theme_fonts=&#8221;yes&#8221;][\/vc_column_inner][vc_column_inner width=&#8221;2\/3&#8243; css=&#8221;.vc_custom_1578433773867{padding-top: 109px !important;padding-bottom: 100px !important;}&#8221;][vc_column_text]<\/p>\n<h3><span style=\"color: #ffffff;\">Our Address<\/span><\/h3>\n<p><span style=\"color: #ffffff;\"><br \/>\nDr. Thomas von Plehwe<br \/>\nAdvocate at the Federal Supreme Court<br \/>\nKarlstra\u00dfe 22-24<br \/>\n76133 Karlsruhe<\/span><\/p>\n<p><span style=\"color: #ffffff;\">Tel.: <a style=\"color: #ffffff;\" href=\"tel:+49721886211\">+49 721 886 211<\/a><\/span><br \/>\n<span style=\"color: #ffffff;\">Fax: +49 721 888 535<\/span><\/p>\n<p><span style=\"color: #ffffff;\"><a style=\"color: #ffffff;\" title=\"Send mail to Dr. Thomas von Plehwe\" href=\"mailto:info@plehwe-bgh.com\">info@plehwe-bgh.com<\/a><\/span><br \/>\n<span style=\"color: #ffffff;\">www.plehwe-bgh.com<\/span>[\/vc_column_text][\/vc_column_inner][\/vc_row_inner][\/vc_column][\/vc_row][vc_row full_width=&#8221;stretch_row&#8221; css=&#8221;.vc_custom_1578432333873{background-color: #00305b !important;}&#8221; el_id=&#8221;scroll-back-up&#8221;][vc_column css=&#8221;.vc_custom_1578432398362{padding-top: 20px !important;padding-bottom: 20px !important;}&#8221;][vc_icon type=&#8221;material&#8221; icon_material=&#8221;vc-material vc-material-keyboard_arrow_up&#8221; color=&#8221;white&#8221; align=&#8221;center&#8221; css_animation=&#8221;fadeIn&#8221; link=&#8221;url:%2Fen%2F%23home|||&#8221; css=&#8221;.vc_custom_1578433930414{margin-bottom: 0px !important;border-bottom-width: 0px !important;padding-bottom: 0px !important;}&#8221;][vc_column_text css_animation=&#8221;fadeIn&#8221; css=&#8221;.vc_custom_1578433907991{margin-bottom: 0px !important;border-bottom-width: 0px !important;padding-bottom: 0px !important;}&#8221;]<\/p>\n<p style=\"text-align: center;\"><a href=\"\/en\/#home\"><span style=\"color: #ffffff;\">Back To Top<\/span><\/a><\/p>\n<p>[\/vc_column_text][\/vc_column][\/vc_row]<\/p>\n<\/div><\/div>","protected":false},"excerpt":{"rendered":"<p>[vc_row full_width=&#8221;stretch_row&#8221; parallax=&#8221;content-moving&#8221; parallax_image=&#8221;210&#8243; css=&#8221;.vc_custom_1579384918847{background-position: center;background-repeat: no-repeat;background-size:cover;}&#8221; el_id=&#8221;home&#8221; el_class=&#8221;overlay-extension&#8221;][vc_column width=&#8221;1\/3&#8243; &#8230;<\/p>\n","protected":false},"author":1,"featured_media":0,"parent":0,"menu_order":0,"comment_status":"closed","ping_status":"closed","template":"","meta":{"footnotes":""},"class_list":["post-25","page","type-page","status-publish","hentry"],"yoast_head":"<!-- This site is optimized with the Yoast SEO plugin v27.3 - https:\/\/yoast.com\/product\/yoast-seo-wordpress\/ -->\n<title>Home - Dr. Thomas von Plehwe<\/title>\n<meta name=\"robots\" content=\"index, follow, max-snippet:-1, max-image-preview:large, max-video-preview:-1\" \/>\n<link rel=\"canonical\" href=\"https:\/\/plehwe.stage.blindwerk.de\/en\/\" \/>\n<meta property=\"og:locale\" content=\"en_US\" \/>\n<meta property=\"og:type\" content=\"article\" \/>\n<meta property=\"og:title\" content=\"Home - Dr. Thomas von Plehwe\" \/>\n<meta property=\"og:description\" content=\"[vc_row full_width=&#8221;stretch_row&#8221; parallax=&#8221;content-moving&#8221; parallax_image=&#8221;210&#8243; css=&#8221;.vc_custom_1579384918847{background-position: center;background-repeat: no-repeat;background-size:cover;}&#8221; el_id=&#8221;home&#8221; el_class=&#8221;overlay-extension&#8221;][vc_column width=&#8221;1\/3&#8243; ...\" \/>\n<meta property=\"og:url\" content=\"https:\/\/plehwe.stage.blindwerk.de\/en\/\" \/>\n<meta property=\"og:site_name\" content=\"Dr. Thomas von Plehwe\" \/>\n<meta property=\"article:modified_time\" content=\"2023-02-20T13:46:10+00:00\" \/>\n<meta name=\"twitter:card\" content=\"summary_large_image\" \/>\n<meta name=\"twitter:label1\" content=\"Est. reading time\" \/>\n\t<meta name=\"twitter:data1\" content=\"6 minutes\" \/>\n<script type=\"application\/ld+json\" class=\"yoast-schema-graph\">{\"@context\":\"https:\\\/\\\/schema.org\",\"@graph\":[{\"@type\":\"WebPage\",\"@id\":\"https:\\\/\\\/plehwe.stage.blindwerk.de\\\/en\\\/\",\"url\":\"https:\\\/\\\/plehwe.stage.blindwerk.de\\\/en\\\/\",\"name\":\"Home - Dr. Thomas von Plehwe\",\"isPartOf\":{\"@id\":\"https:\\\/\\\/plehwe.stage.blindwerk.de\\\/en\\\/#website\"},\"datePublished\":\"2019-12-14T14:08:33+00:00\",\"dateModified\":\"2023-02-20T13:46:10+00:00\",\"breadcrumb\":{\"@id\":\"https:\\\/\\\/plehwe.stage.blindwerk.de\\\/en\\\/#breadcrumb\"},\"inLanguage\":\"en-US\",\"potentialAction\":[{\"@type\":\"ReadAction\",\"target\":[\"https:\\\/\\\/plehwe.stage.blindwerk.de\\\/en\\\/\"]}]},{\"@type\":\"BreadcrumbList\",\"@id\":\"https:\\\/\\\/plehwe.stage.blindwerk.de\\\/en\\\/#breadcrumb\",\"itemListElement\":[{\"@type\":\"ListItem\",\"position\":1,\"name\":\"Startseite\",\"item\":\"https:\\\/\\\/plehwe.stage.blindwerk.de\\\/en\\\/\"},{\"@type\":\"ListItem\",\"position\":2,\"name\":\"Home\"}]},{\"@type\":\"WebSite\",\"@id\":\"https:\\\/\\\/plehwe.stage.blindwerk.de\\\/en\\\/#website\",\"url\":\"https:\\\/\\\/plehwe.stage.blindwerk.de\\\/en\\\/\",\"name\":\"Dr. Thomas von Plehwe\",\"description\":\"Rechtsanwalt beim Bundesgerichtshof\",\"potentialAction\":[{\"@type\":\"SearchAction\",\"target\":{\"@type\":\"EntryPoint\",\"urlTemplate\":\"https:\\\/\\\/plehwe.stage.blindwerk.de\\\/en\\\/?s={search_term_string}\"},\"query-input\":{\"@type\":\"PropertyValueSpecification\",\"valueRequired\":true,\"valueName\":\"search_term_string\"}}],\"inLanguage\":\"en-US\"}]}<\/script>\n<!-- \/ Yoast SEO plugin. -->","yoast_head_json":{"title":"Home - Dr. Thomas von Plehwe","robots":{"index":"index","follow":"follow","max-snippet":"max-snippet:-1","max-image-preview":"max-image-preview:large","max-video-preview":"max-video-preview:-1"},"canonical":"https:\/\/plehwe.stage.blindwerk.de\/en\/","og_locale":"en_US","og_type":"article","og_title":"Home - Dr. Thomas von Plehwe","og_description":"[vc_row full_width=&#8221;stretch_row&#8221; parallax=&#8221;content-moving&#8221; parallax_image=&#8221;210&#8243; css=&#8221;.vc_custom_1579384918847{background-position: center;background-repeat: no-repeat;background-size:cover;}&#8221; el_id=&#8221;home&#8221; el_class=&#8221;overlay-extension&#8221;][vc_column width=&#8221;1\/3&#8243; ...","og_url":"https:\/\/plehwe.stage.blindwerk.de\/en\/","og_site_name":"Dr. Thomas von Plehwe","article_modified_time":"2023-02-20T13:46:10+00:00","twitter_card":"summary_large_image","twitter_misc":{"Est. reading time":"6 minutes"},"schema":{"@context":"https:\/\/schema.org","@graph":[{"@type":"WebPage","@id":"https:\/\/plehwe.stage.blindwerk.de\/en\/","url":"https:\/\/plehwe.stage.blindwerk.de\/en\/","name":"Home - Dr. Thomas von Plehwe","isPartOf":{"@id":"https:\/\/plehwe.stage.blindwerk.de\/en\/#website"},"datePublished":"2019-12-14T14:08:33+00:00","dateModified":"2023-02-20T13:46:10+00:00","breadcrumb":{"@id":"https:\/\/plehwe.stage.blindwerk.de\/en\/#breadcrumb"},"inLanguage":"en-US","potentialAction":[{"@type":"ReadAction","target":["https:\/\/plehwe.stage.blindwerk.de\/en\/"]}]},{"@type":"BreadcrumbList","@id":"https:\/\/plehwe.stage.blindwerk.de\/en\/#breadcrumb","itemListElement":[{"@type":"ListItem","position":1,"name":"Startseite","item":"https:\/\/plehwe.stage.blindwerk.de\/en\/"},{"@type":"ListItem","position":2,"name":"Home"}]},{"@type":"WebSite","@id":"https:\/\/plehwe.stage.blindwerk.de\/en\/#website","url":"https:\/\/plehwe.stage.blindwerk.de\/en\/","name":"Dr. Thomas von Plehwe","description":"Rechtsanwalt beim Bundesgerichtshof","potentialAction":[{"@type":"SearchAction","target":{"@type":"EntryPoint","urlTemplate":"https:\/\/plehwe.stage.blindwerk.de\/en\/?s={search_term_string}"},"query-input":{"@type":"PropertyValueSpecification","valueRequired":true,"valueName":"search_term_string"}}],"inLanguage":"en-US"}]}},"_links":{"self":[{"href":"https:\/\/plehwe.stage.blindwerk.de\/en\/wp-json\/wp\/v2\/pages\/25","targetHints":{"allow":["GET"]}}],"collection":[{"href":"https:\/\/plehwe.stage.blindwerk.de\/en\/wp-json\/wp\/v2\/pages"}],"about":[{"href":"https:\/\/plehwe.stage.blindwerk.de\/en\/wp-json\/wp\/v2\/types\/page"}],"author":[{"embeddable":true,"href":"https:\/\/plehwe.stage.blindwerk.de\/en\/wp-json\/wp\/v2\/users\/1"}],"replies":[{"embeddable":true,"href":"https:\/\/plehwe.stage.blindwerk.de\/en\/wp-json\/wp\/v2\/comments?post=25"}],"version-history":[{"count":61,"href":"https:\/\/plehwe.stage.blindwerk.de\/en\/wp-json\/wp\/v2\/pages\/25\/revisions"}],"predecessor-version":[{"id":470,"href":"https:\/\/plehwe.stage.blindwerk.de\/en\/wp-json\/wp\/v2\/pages\/25\/revisions\/470"}],"wp:attachment":[{"href":"https:\/\/plehwe.stage.blindwerk.de\/en\/wp-json\/wp\/v2\/media?parent=25"}],"curies":[{"name":"wp","href":"https:\/\/api.w.org\/{rel}","templated":true}]}}